{"id":1905,"date":"2023-04-26T00:16:01","date_gmt":"2023-04-25T23:16:01","guid":{"rendered":"https:\/\/ywamconstanta.ro\/implica-te\/"},"modified":"2024-09-18T19:24:52","modified_gmt":"2024-09-18T18:24:52","slug":"implica-te","status":"publish","type":"page","link":"https:\/\/ywamconstanta.ro\/ro\/implica-te\/","title":{"rendered":"Implic\u0103-te"},"content":{"rendered":"\t\t<div data-elementor-type=\"wp-page\" data-elementor-id=\"1905\" class=\"elementor elementor-1905 elementor-1490\">\n\t\t\t\t\t\t<section class=\"elementor-section elementor-top-section elementor-element elementor-element-5483a1f9 elementor-section-height-min-height elementor-section-boxed elementor-section-height-default elementor-section-items-middle\" data-id=\"5483a1f9\" data-element_type=\"section\" data-settings=\"{&quot;background_background&quot;:&quot;classic&quot;}\">\n\t\t\t\t\t\t<div class=\"elementor-container elementor-column-gap-default\">\n\t\t\t\t\t<div class=\"elementor-column elementor-col-100 elementor-top-column elementor-element elementor-element-426f9d04\" data-id=\"426f9d04\" data-element_type=\"column\">\n\t\t\t<div class=\"elementor-widget-wrap elementor-element-populated\">\n\t\t\t\t\t\t<div class=\"elementor-element elementor-element-58991829 elementor-widget elementor-widget-heading\" data-id=\"58991829\" data-element_type=\"widget\" data-widget_type=\"heading.default\">\n\t\t\t\t<div class=\"elementor-widget-container\">\n\t\t\t<style>\/*! elementor - v3.22.0 - 26-06-2024 *\/\n.elementor-heading-title{padding:0;margin:0;line-height:1}.elementor-widget-heading .elementor-heading-title[class*=elementor-size-]>a{color:inherit;font-size:inherit;line-height:inherit}.elementor-widget-heading .elementor-heading-title.elementor-size-small{font-size:15px}.elementor-widget-heading .elementor-heading-title.elementor-size-medium{font-size:19px}.elementor-widget-heading .elementor-heading-title.elementor-size-large{font-size:29px}.elementor-widget-heading .elementor-heading-title.elementor-size-xl{font-size:39px}.elementor-widget-heading .elementor-heading-title.elementor-size-xxl{font-size:59px}<\/style><h1 class=\"elementor-heading-title elementor-size-default\">Implic\u0103-te<\/h1>\t\t<\/div>\n\t\t\t\t<\/div>\n\t\t\t\t\t<\/div>\n\t\t<\/div>\n\t\t\t\t\t<\/div>\n\t\t<\/section>\n\t\t\t\t<section class=\"elementor-section elementor-top-section elementor-element elementor-element-52a83b6a elementor-section-content-middle elementor-section-boxed elementor-section-height-default elementor-section-height-default\" data-id=\"52a83b6a\" data-element_type=\"section\">\n\t\t\t\t\t\t<div class=\"elementor-container elementor-column-gap-default\">\n\t\t\t\t\t<div class=\"elementor-column elementor-col-33 elementor-top-column elementor-element elementor-element-2e2e2f72\" data-id=\"2e2e2f72\" data-element_type=\"column\">\n\t\t\t<div class=\"elementor-widget-wrap elementor-element-populated\">\n\t\t\t\t\t\t<div class=\"elementor-element elementor-element-19fe7e8d elementor-widget elementor-widget-image\" data-id=\"19fe7e8d\" data-element_type=\"widget\" data-widget_type=\"image.default\">\n\t\t\t\t<div class=\"elementor-widget-container\">\n\t\t\t<style>\/*! elementor - v3.22.0 - 26-06-2024 *\/\n.elementor-widget-image{text-align:center}.elementor-widget-image a{display:inline-block}.elementor-widget-image a img[src$=\".svg\"]{width:48px}.elementor-widget-image img{vertical-align:middle;display:inline-block}<\/style>\t\t\t\t\t\t\t\t\t\t<img fetchpriority=\"high\" decoding=\"async\" width=\"1024\" height=\"768\" src=\"https:\/\/ywamconstanta.ro\/wp-content\/uploads\/Community-scaled-1-1024x768.jpeg\" class=\"attachment-large size-large wp-image-1542\" alt=\"\" srcset=\"https:\/\/ywamconstanta.ro\/wp-content\/uploads\/Community-scaled-1-1024x768.jpeg 1024w, https:\/\/ywamconstanta.ro\/wp-content\/uploads\/Community-scaled-1-300x225.jpeg 300w, https:\/\/ywamconstanta.ro\/wp-content\/uploads\/Community-scaled-1-768x576.jpeg 768w, https:\/\/ywamconstanta.ro\/wp-content\/uploads\/Community-scaled-1-1536x1152.jpeg 1536w, https:\/\/ywamconstanta.ro\/wp-content\/uploads\/Community-scaled-1-2048x1536.jpeg 2048w\" sizes=\"(max-width: 1024px) 100vw, 1024px\" \/>\t\t\t\t\t\t\t\t\t\t\t\t\t<\/div>\n\t\t\t\t<\/div>\n\t\t\t\t\t<\/div>\n\t\t<\/div>\n\t\t\t\t<div class=\"elementor-column elementor-col-66 elementor-top-column elementor-element elementor-element-52b34a27\" data-id=\"52b34a27\" data-element_type=\"column\">\n\t\t\t<div class=\"elementor-widget-wrap elementor-element-populated\">\n\t\t\t\t\t\t<div class=\"elementor-element elementor-element-46ebb03b elementor-widget elementor-widget-heading\" data-id=\"46ebb03b\" data-element_type=\"widget\" data-widget_type=\"heading.default\">\n\t\t\t\t<div class=\"elementor-widget-container\">\n\t\t\t<h2 class=\"elementor-heading-title elementor-size-default\">Voluntariaz\u0103 la noi<\/h2>\t\t<\/div>\n\t\t\t\t<\/div>\n\t\t\t\t<div class=\"elementor-element elementor-element-22211f58 elementor-widget elementor-widget-text-editor\" data-id=\"22211f58\" data-element_type=\"widget\" data-widget_type=\"text-editor.default\">\n\t\t\t\t<div class=\"elementor-widget-container\">\n\t\t\t<style>\/*! elementor - v3.22.0 - 26-06-2024 *\/\n.elementor-widget-text-editor.elementor-drop-cap-view-stacked .elementor-drop-cap{background-color:#69727d;color:#fff}.elementor-widget-text-editor.elementor-drop-cap-view-framed .elementor-drop-cap{color:#69727d;border:3px solid;background-color:transparent}.elementor-widget-text-editor:not(.elementor-drop-cap-view-default) .elementor-drop-cap{margin-top:8px}.elementor-widget-text-editor:not(.elementor-drop-cap-view-default) .elementor-drop-cap-letter{width:1em;height:1em}.elementor-widget-text-editor .elementor-drop-cap{float:left;text-align:center;line-height:1;font-size:50px}.elementor-widget-text-editor .elementor-drop-cap-letter{display:inline-block}<\/style>\t\t\t\t<p>Vino \u0219i voluntariaz\u0103 la noi o perioad\u0103 de timp! Ne-ar face pl\u0103cere s\u0103 ni te al\u0103turi la oricare dintre lucr\u0103rile noastre \u0219i \u00een diferitele proiecte care au loc la baz\u0103. C\u00e2teva idei din prezent:   <\/p>\n\t\t\t\t\t\t<\/div>\n\t\t\t\t<\/div>\n\t\t\t\t<div class=\"elementor-element elementor-element-26c73b82 elementor-widget elementor-widget-text-editor\" data-id=\"26c73b82\" data-element_type=\"widget\" data-widget_type=\"text-editor.default\">\n\t\t\t\t<div class=\"elementor-widget-container\">\n\t\t\t\t\t\t\t<p>&#8211; Lucr\u0103ri de construc\u021bie la \u201eNext Door\u201d<br \/>&#8211; Children youth ministry with Henri Coanda<br \/>&#8211; Kings Kids<br \/>&#8211; Evanghelizare \u00een cartier \u0219i \u00een ora\u0219<br \/>&#8211; Comunicare \u0219i media (con\u021binut foto-video etc.)<\/p>\n\t\t\t\t\t\t<\/div>\n\t\t\t\t<\/div>\n\t\t\t\t<div class=\"elementor-element elementor-element-385be506 elementor-align-center elementor-widget elementor-widget-button\" data-id=\"385be506\" data-element_type=\"widget\" data-widget_type=\"button.default\">\n\t\t\t\t<div class=\"elementor-widget-container\">\n\t\t\t\t\t<div class=\"elementor-button-wrapper\">\n\t\t\t<a class=\"elementor-button elementor-button-link elementor-size-lg\" href=\"https:\/\/ywamconstanta.ro\/contact\/\">\n\t\t\t\t\t\t<span class=\"elementor-button-content-wrapper\">\n\t\t\t\t\t\t\t\t\t<span class=\"elementor-button-text\">Vino pe termen scurt!<\/span>\n\t\t\t\t\t<\/span>\n\t\t\t\t\t<\/a>\n\t\t<\/div>\n\t\t\t\t<\/div>\n\t\t\t\t<\/div>\n\t\t\t\t\t<\/div>\n\t\t<\/div>\n\t\t\t\t\t<\/div>\n\t\t<\/section>\n\t\t\t\t<section class=\"elementor-section elementor-top-section elementor-element elementor-element-4ce55dee elementor-section-boxed elementor-section-height-default elementor-section-height-default\" data-id=\"4ce55dee\" data-element_type=\"section\">\n\t\t\t\t\t\t<div class=\"elementor-container elementor-column-gap-default\">\n\t\t\t\t\t<div class=\"elementor-column elementor-col-33 elementor-top-column elementor-element elementor-element-534ffe99\" data-id=\"534ffe99\" data-element_type=\"column\">\n\t\t\t<div class=\"elementor-widget-wrap elementor-element-populated\">\n\t\t\t\t\t\t<div class=\"elementor-element elementor-element-2fc9da0c elementor-widget elementor-widget-image\" data-id=\"2fc9da0c\" data-element_type=\"widget\" data-widget_type=\"image.default\">\n\t\t\t\t<div class=\"elementor-widget-container\">\n\t\t\t\t\t\t\t\t\t\t\t\t\t<img decoding=\"async\" width=\"1024\" height=\"768\" src=\"https:\/\/ywamconstanta.ro\/wp-content\/uploads\/Team-scaled-1-1024x768.jpeg\" class=\"attachment-large size-large wp-image-1543\" alt=\"\" srcset=\"https:\/\/ywamconstanta.ro\/wp-content\/uploads\/Team-scaled-1-1024x768.jpeg 1024w, https:\/\/ywamconstanta.ro\/wp-content\/uploads\/Team-scaled-1-300x225.jpeg 300w, https:\/\/ywamconstanta.ro\/wp-content\/uploads\/Team-scaled-1-768x576.jpeg 768w, https:\/\/ywamconstanta.ro\/wp-content\/uploads\/Team-scaled-1-1536x1152.jpeg 1536w, https:\/\/ywamconstanta.ro\/wp-content\/uploads\/Team-scaled-1-2048x1536.jpeg 2048w\" sizes=\"(max-width: 1024px) 100vw, 1024px\" \/>\t\t\t\t\t\t\t\t\t\t\t\t\t<\/div>\n\t\t\t\t<\/div>\n\t\t\t\t\t<\/div>\n\t\t<\/div>\n\t\t\t\t<div class=\"elementor-column elementor-col-66 elementor-top-column elementor-element elementor-element-3a880d56\" data-id=\"3a880d56\" data-element_type=\"column\">\n\t\t\t<div class=\"elementor-widget-wrap elementor-element-populated\">\n\t\t\t\t\t\t<div class=\"elementor-element elementor-element-2a06e9b6 elementor-widget elementor-widget-heading\" data-id=\"2a06e9b6\" data-element_type=\"widget\" data-widget_type=\"heading.default\">\n\t\t\t\t<div class=\"elementor-widget-container\">\n\t\t\t<h2 class=\"elementor-heading-title elementor-size-default\">Adu o echip\u0103<\/h2>\t\t<\/div>\n\t\t\t\t<\/div>\n\t\t\t\t<div class=\"elementor-element elementor-element-6288d22c elementor-widget elementor-widget-text-editor\" data-id=\"6288d22c\" data-element_type=\"widget\" data-widget_type=\"text-editor.default\">\n\t\t\t\t<div class=\"elementor-widget-container\">\n\t\t\t\t\t\t\t<p>Avem staff din multe \u021b\u0103ri diferite \u0219i ne bucur\u0103m s\u0103 g\u0103zduim echipe din toat\u0103 lumea. TPM Constan\u021ba are o varietate de lucr\u0103ri \u00een cadrul c\u0103rora po\u021bi sluji, timp \u00een care experimentezi cultura frumoas\u0103 din sudul Rom\u00e2niei. Avem de asemenea leg\u0103turi cu organiza\u021bii cre\u0219tine \u0219i biserici locale care \u00ee\u021bi pot oferi o perspectiv\u0103 mai larg\u0103 asupra a ceea ce Dumnezeu face \u00een ora\u0219 precum \u0219i \u00een or\u0103\u0219elele \u0219i satele din \u00eemprejurimi.  <\/p>\n\t\t\t\t\t\t<\/div>\n\t\t\t\t<\/div>\n\t\t\t\t<div class=\"elementor-element elementor-element-41021140 elementor-align-center elementor-widget elementor-widget-button\" data-id=\"41021140\" data-element_type=\"widget\" data-widget_type=\"button.default\">\n\t\t\t\t<div class=\"elementor-widget-container\">\n\t\t\t\t\t<div class=\"elementor-button-wrapper\">\n\t\t\t<a class=\"elementor-button elementor-button-link elementor-size-lg\" href=\"https:\/\/ywamconstanta.ro\/contact\/\">\n\t\t\t\t\t\t<span class=\"elementor-button-content-wrapper\">\n\t\t\t\t\t\t\t\t\t<span class=\"elementor-button-text\">Vino cu o echip\u0103!<\/span>\n\t\t\t\t\t<\/span>\n\t\t\t\t\t<\/a>\n\t\t<\/div>\n\t\t\t\t<\/div>\n\t\t\t\t<\/div>\n\t\t\t\t\t<\/div>\n\t\t<\/div>\n\t\t\t\t\t<\/div>\n\t\t<\/section>\n\t\t\t\t<section class=\"elementor-section elementor-top-section elementor-element elementor-element-1d0ea238 elementor-section-boxed elementor-section-height-default elementor-section-height-default\" data-id=\"1d0ea238\" data-element_type=\"section\">\n\t\t\t\t\t\t<div class=\"elementor-container elementor-column-gap-default\">\n\t\t\t\t\t<div class=\"elementor-column elementor-col-33 elementor-top-column elementor-element elementor-element-2c125e41\" data-id=\"2c125e41\" data-element_type=\"column\">\n\t\t\t<div class=\"elementor-widget-wrap elementor-element-populated\">\n\t\t\t\t\t\t<div class=\"elementor-element elementor-element-7d58d45f elementor-widget elementor-widget-image\" data-id=\"7d58d45f\" data-element_type=\"widget\" data-widget_type=\"image.default\">\n\t\t\t\t<div class=\"elementor-widget-container\">\n\t\t\t\t\t\t\t\t\t\t\t\t\t<img decoding=\"async\" width=\"843\" height=\"632\" src=\"https:\/\/ywamconstanta.ro\/wp-content\/uploads\/F450ED95-A10A-4F2B-B2D9-087A43F5AAD1.jpg\" class=\"attachment-large size-large wp-image-1545\" alt=\"\" srcset=\"https:\/\/ywamconstanta.ro\/wp-content\/uploads\/F450ED95-A10A-4F2B-B2D9-087A43F5AAD1.jpg 843w, https:\/\/ywamconstanta.ro\/wp-content\/uploads\/F450ED95-A10A-4F2B-B2D9-087A43F5AAD1-300x225.jpg 300w, https:\/\/ywamconstanta.ro\/wp-content\/uploads\/F450ED95-A10A-4F2B-B2D9-087A43F5AAD1-768x576.jpg 768w\" sizes=\"(max-width: 843px) 100vw, 843px\" \/>\t\t\t\t\t\t\t\t\t\t\t\t\t<\/div>\n\t\t\t\t<\/div>\n\t\t\t\t<div class=\"elementor-element elementor-element-3356b46a elementor-widget elementor-widget-image\" data-id=\"3356b46a\" data-element_type=\"widget\" data-widget_type=\"image.default\">\n\t\t\t\t<div class=\"elementor-widget-container\">\n\t\t\t\t\t\t\t\t\t\t\t\t\t<img loading=\"lazy\" decoding=\"async\" width=\"1024\" height=\"768\" src=\"https:\/\/ywamconstanta.ro\/wp-content\/uploads\/Staff-scaled-1-1024x768.jpeg\" class=\"attachment-large size-large wp-image-1546\" alt=\"\" srcset=\"https:\/\/ywamconstanta.ro\/wp-content\/uploads\/Staff-scaled-1-1024x768.jpeg 1024w, https:\/\/ywamconstanta.ro\/wp-content\/uploads\/Staff-scaled-1-300x225.jpeg 300w, https:\/\/ywamconstanta.ro\/wp-content\/uploads\/Staff-scaled-1-768x576.jpeg 768w, https:\/\/ywamconstanta.ro\/wp-content\/uploads\/Staff-scaled-1-1536x1152.jpeg 1536w, https:\/\/ywamconstanta.ro\/wp-content\/uploads\/Staff-scaled-1-2048x1536.jpeg 2048w\" sizes=\"(max-width: 1024px) 100vw, 1024px\" \/>\t\t\t\t\t\t\t\t\t\t\t\t\t<\/div>\n\t\t\t\t<\/div>\n\t\t\t\t\t<\/div>\n\t\t<\/div>\n\t\t\t\t<div class=\"elementor-column elementor-col-66 elementor-top-column elementor-element elementor-element-15859b4a\" data-id=\"15859b4a\" data-element_type=\"column\">\n\t\t\t<div class=\"elementor-widget-wrap elementor-element-populated\">\n\t\t\t\t\t\t<div class=\"elementor-element elementor-element-3fb04cb7 elementor-widget elementor-widget-heading\" data-id=\"3fb04cb7\" data-element_type=\"widget\" data-widget_type=\"heading.default\">\n\t\t\t\t<div class=\"elementor-widget-container\">\n\t\t\t<h2 class=\"elementor-heading-title elementor-size-default\">Vino ca staff<\/h2>\t\t<\/div>\n\t\t\t\t<\/div>\n\t\t\t\t<div class=\"elementor-element elementor-element-ba59523 elementor-widget elementor-widget-text-editor\" data-id=\"ba59523\" data-element_type=\"widget\" data-widget_type=\"text-editor.default\">\n\t\t\t\t<div class=\"elementor-widget-container\">\n\t\t\t\t\t\t\t<p><span style=\"font-weight: 400;\">Seceri\u0219ul este mare, dar lucr\u0103torii sunt pu\u021bini! Dac\u0103 sim\u021bi c\u0103 Dumnezeu te conduce spre misiune \u0219i spre TPM Constan\u021ba, ne-am bucura s\u0103 ne contactezi. Primim cu bucurie membri de staff noi care au finalizat \u0218coala de ucenicie (DTS) \u0219i au o viziune pentru aceast\u0103 parte a lumii. Te rug\u0103m s\u0103 ne scrii \u0219i s\u0103 \u00eemp\u0103rt\u0103\u0219e\u0219ti cu noi ce pune Dumnezeu \u00een inima ta pentru TPM Constan\u021ba. \u00cen prezent c\u0103ut\u0103m staff pentru urm\u0103toarele domenii:    <\/span><\/p>\n\t\t\t\t\t\t<\/div>\n\t\t\t\t<\/div>\n\t\t\t\t<div class=\"elementor-element elementor-element-1adc4bb4 elementor-widget elementor-widget-text-editor\" data-id=\"1adc4bb4\" data-element_type=\"widget\" data-widget_type=\"text-editor.default\">\n\t\t\t\t<div class=\"elementor-widget-container\">\n\t\t\t\t\t\t\t<p>DTS<br \/>King\u2019s Kids<br \/>Community Transformation <br \/>Reclaimed (t\u00e2mpl\u0103rie)<br \/>Summer Nightlife Outreach<br \/>Administra\u021bie financiar\u0103<br \/>IT<br \/>Comunicare \u0219i Media<br \/>Ospitalitate<\/p>\n\t\t\t\t\t\t<\/div>\n\t\t\t\t<\/div>\n\t\t\t\t<div class=\"elementor-element elementor-element-12507162 elementor-align-center elementor-widget elementor-widget-button\" data-id=\"12507162\" data-element_type=\"widget\" data-widget_type=\"button.default\">\n\t\t\t\t<div class=\"elementor-widget-container\">\n\t\t\t\t\t<div class=\"elementor-button-wrapper\">\n\t\t\t<a class=\"elementor-button elementor-button-link elementor-size-lg\" href=\"https:\/\/ywamconstanta.ro\/contact\/\">\n\t\t\t\t\t\t<span class=\"elementor-button-content-wrapper\">\n\t\t\t\t\t\t\t\t\t<span class=\"elementor-button-text\">Vino pe termen lung!<\/span>\n\t\t\t\t\t<\/span>\n\t\t\t\t\t<\/a>\n\t\t<\/div>\n\t\t\t\t<\/div>\n\t\t\t\t<\/div>\n\t\t\t\t\t<\/div>\n\t\t<\/div>\n\t\t\t\t\t<\/div>\n\t\t<\/section>\n\t\t\t\t<section class=\"elementor-section elementor-top-section elementor-element elementor-element-62947fef elementor-section-boxed elementor-section-height-default elementor-section-height-default\" data-id=\"62947fef\" data-element_type=\"section\">\n\t\t\t\t\t\t<div class=\"elementor-container elementor-column-gap-default\">\n\t\t\t\t\t<div class=\"elementor-column elementor-col-33 elementor-top-column elementor-element elementor-element-51126373\" data-id=\"51126373\" data-element_type=\"column\">\n\t\t\t<div class=\"elementor-widget-wrap elementor-element-populated\">\n\t\t\t\t\t\t<div class=\"elementor-element elementor-element-194c89d5 elementor-widget elementor-widget-image\" data-id=\"194c89d5\" data-element_type=\"widget\" data-widget_type=\"image.default\">\n\t\t\t\t<div class=\"elementor-widget-container\">\n\t\t\t\t\t\t\t\t\t\t\t\t\t<img loading=\"lazy\" decoding=\"async\" width=\"1024\" height=\"768\" src=\"https:\/\/ywamconstanta.ro\/wp-content\/uploads\/Become-a-Student-scaled-1-1024x768.jpeg\" class=\"attachment-large size-large wp-image-1534\" alt=\"\" srcset=\"https:\/\/ywamconstanta.ro\/wp-content\/uploads\/Become-a-Student-scaled-1-1024x768.jpeg 1024w, https:\/\/ywamconstanta.ro\/wp-content\/uploads\/Become-a-Student-scaled-1-300x225.jpeg 300w, https:\/\/ywamconstanta.ro\/wp-content\/uploads\/Become-a-Student-scaled-1-768x576.jpeg 768w, https:\/\/ywamconstanta.ro\/wp-content\/uploads\/Become-a-Student-scaled-1-1536x1152.jpeg 1536w, https:\/\/ywamconstanta.ro\/wp-content\/uploads\/Become-a-Student-scaled-1-2048x1536.jpeg 2048w\" sizes=\"(max-width: 1024px) 100vw, 1024px\" \/>\t\t\t\t\t\t\t\t\t\t\t\t\t<\/div>\n\t\t\t\t<\/div>\n\t\t\t\t\t<\/div>\n\t\t<\/div>\n\t\t\t\t<div class=\"elementor-column elementor-col-66 elementor-top-column elementor-element elementor-element-633c4829\" data-id=\"633c4829\" data-element_type=\"column\">\n\t\t\t<div class=\"elementor-widget-wrap elementor-element-populated\">\n\t\t\t\t\t\t<div class=\"elementor-element elementor-element-4f25276b elementor-widget elementor-widget-heading\" data-id=\"4f25276b\" data-element_type=\"widget\" data-widget_type=\"heading.default\">\n\t\t\t\t<div class=\"elementor-widget-container\">\n\t\t\t<h2 class=\"elementor-heading-title elementor-size-default\">Become a Student<\/h2>\t\t<\/div>\n\t\t\t\t<\/div>\n\t\t\t\t<div class=\"elementor-element elementor-element-b231390 elementor-widget elementor-widget-text-editor\" data-id=\"b231390\" data-element_type=\"widget\" data-widget_type=\"text-editor.default\">\n\t\t\t\t<div class=\"elementor-widget-container\">\n\t\t\t\t\t\t\t<p>Vino \u0219i urmeaz\u0103 DTS-ul la baza noastr\u0103 \u0219i al\u0103tur\u0103-te comunit\u0103\u021bii noastre o perioad\u0103 de 3 luni, timp \u00een care vei \u00eenv\u0103\u021ba mai mult despre cine este Dumnezeu, dup\u0103 care vei merge \u00eentr-un outreach o perioad\u0103 de alte 3 luni timp \u00een care vei \u00eemp\u0103rt\u0103\u0219i altora despre dragostea lui Dumnezeu. Prin DTS-ul nostru te vom echipa, te vom provoca, te vom scoate din zona ta de confort \u0219i \u00ee\u021bi vom oferi un alt fel de experien\u021be cu Isus. \u00ce\u021bi vor fi l\u0103rgite orizonturile \u0219i vei cre\u0219te!  <\/p>\n\t\t\t\t\t\t<\/div>\n\t\t\t\t<\/div>\n\t\t\t\t<div class=\"elementor-element elementor-element-1072cab0 elementor-align-center elementor-widget elementor-widget-button\" data-id=\"1072cab0\" data-element_type=\"widget\" data-widget_type=\"button.default\">\n\t\t\t\t<div class=\"elementor-widget-container\">\n\t\t\t\t\t<div class=\"elementor-button-wrapper\">\n\t\t\t<a class=\"elementor-button elementor-button-link elementor-size-lg\" href=\"https:\/\/ywamconstanta.ro\/contact\/\">\n\t\t\t\t\t\t<span class=\"elementor-button-content-wrapper\">\n\t\t\t\t\t\t\t\t\t<span class=\"elementor-button-text\">\u00censcrie-te acum!<\/span>\n\t\t\t\t\t<\/span>\n\t\t\t\t\t<\/a>\n\t\t<\/div>\n\t\t\t\t<\/div>\n\t\t\t\t<\/div>\n\t\t\t\t\t<\/div>\n\t\t<\/div>\n\t\t\t\t\t<\/div>\n\t\t<\/section>\n\t\t\t\t<\/div>\n\t\t","protected":false},"excerpt":{"rendered":"<p>Implic\u0103-te Voluntariaz\u0103 la noi Vino \u0219i voluntariaz\u0103 la noi o perioad\u0103 de timp! Ne-ar face pl\u0103cere s\u0103 ni te al\u0103turi la oricare dintre lucr\u0103rile noastre \u0219i \u00een diferitele proiecte care au loc la baz\u0103. C\u00e2teva idei din prezent: &#8211; Lucr\u0103ri de construc\u021bie la \u201eNext Door\u201d&#8211; Children youth ministry with Henri Coanda&#8211; Kings Kids&#8211; Evanghelizare \u00een &hellip;<\/p>\n<p class=\"read-more\"> <a class=\"\" href=\"https:\/\/ywamconstanta.ro\/ro\/implica-te\/\"> <span class=\"screen-reader-text\">Implic\u0103-te<\/span> Read More &raquo;<\/a><\/p>\n","protected":false},"author":1,"featured_media":0,"parent":0,"menu_order":0,"comment_status":"closed","ping_status":"closed","template":"","meta":{"site-sidebar-layout":"no-sidebar","site-content-layout":"page-builder","ast-global-header-display":"","ast-banner-title-visibility":"","ast-main-header-display":"","ast-hfb-above-header-display":"","ast-hfb-below-header-display":"","ast-hfb-mobile-header-display":"","site-post-title":"disabled","ast-breadcrumbs-content":"","ast-featured-img":"disabled","footer-sml-layout":"","theme-transparent-header-meta":"","adv-header-id-meta":"","stick-header-meta":"","header-above-stick-meta":"","header-main-stick-meta":"","header-below-stick-meta":"","footnotes":""},"class_list":["post-1905","page","type-page","status-publish","hentry"],"_links":{"self":[{"href":"https:\/\/ywamconstanta.ro\/ro\/wp-json\/wp\/v2\/pages\/1905","targetHints":{"allow":["GET"]}}],"collection":[{"href":"https:\/\/ywamconstanta.ro\/ro\/wp-json\/wp\/v2\/pages"}],"about":[{"href":"https:\/\/ywamconstanta.ro\/ro\/wp-json\/wp\/v2\/types\/page"}],"author":[{"embeddable":true,"href":"https:\/\/ywamconstanta.ro\/ro\/wp-json\/wp\/v2\/users\/1"}],"replies":[{"embeddable":true,"href":"https:\/\/ywamconstanta.ro\/ro\/wp-json\/wp\/v2\/comments?post=1905"}],"version-history":[{"count":3,"href":"https:\/\/ywamconstanta.ro\/ro\/wp-json\/wp\/v2\/pages\/1905\/revisions"}],"predecessor-version":[{"id":1936,"href":"https:\/\/ywamconstanta.ro\/ro\/wp-json\/wp\/v2\/pages\/1905\/revisions\/1936"}],"wp:attachment":[{"href":"https:\/\/ywamconstanta.ro\/ro\/wp-json\/wp\/v2\/media?parent=1905"}],"curies":[{"name":"wp","href":"https:\/\/api.w.org\/{rel}","templated":true}]}}